{"id":109,"date":"2010-04-29T23:29:08","date_gmt":"2010-04-29T23:29:08","guid":{"rendered":"http:\/\/blog.nicolas-constant.com\/?page_id=109"},"modified":"2013-03-28T02:27:44","modified_gmt":"2013-03-28T02:27:44","slug":"liens","status":"publish","type":"page","link":"https:\/\/blog.nicolas-constant.com\/?page_id=109","title":{"rendered":"Liens"},"content":{"rendered":"<p><center><strong>Quelques sites \u00e0 d\u00e9couvrir ou \u00e0 revoir..<\/strong><\/p>\n<p><strong>PHOTO :<\/strong><\/p>\n<p>AntoineB<br \/>\n<a href=\"http:\/\/atfirstsight.aminus3.com\/\" target=\"_blank\"><img data-recalc-dims=\"1\" decoding=\"async\" src=\"https:\/\/i0.wp.com\/imageshack.us\/a\/img855\/4610\/antoineb.jpg?w=800\" alt=\"\" \/><\/a><br \/>\n<a href=\"http:\/\/atfirstsight.aminus3.com\/\" target=\"_blank\">atfirstsight.aminus3.com<\/a><\/p>\n<p>Joey Lawrence<br \/>\n<a href=\"http:\/\/www.joeyl.com\/\" target=\"_blank\"><img data-recalc-dims=\"1\" decoding=\"async\" src=\"https:\/\/i0.wp.com\/imageshack.us\/a\/img17\/2875\/joelk.jpg?w=800\" alt=\"\" \/><\/a><br \/>\n<a href=\"http:\/\/www.joeyl.com\/\" target=\"_blank\">www.joeyl.com<\/a><\/p>\n<p>Krizalid<br \/>\n<a href=\"http:\/\/www.krizalid.net\/index.php\" target=\"_blank\"><img data-recalc-dims=\"1\" decoding=\"async\" src=\"https:\/\/i0.wp.com\/imageshack.us\/a\/img6\/2157\/chylam.jpg?w=800\" alt=\"\" \/><\/a><br \/>\n<a href=\"http:\/\/www.krizalid.net\/index.php\" target=\"_blank\">www.krizalid.net<\/a><\/p>\n<p>Benoit Paill\u00e9<br \/>\n<a href=\"http:\/\/www.flickr.com\/photos\/benoitpaille\/\" target=\"_blank\"><img data-recalc-dims=\"1\" decoding=\"async\" src=\"https:\/\/i0.wp.com\/imageshack.us\/a\/img843\/8260\/paille.jpg?w=800\" alt=\"\" \/><\/a><br \/>\n<a href=\"http:\/\/www.flickr.com\/photos\/benoitpaille\/\" target=\"_blank\">flickr.com\/benoitpaille\/<\/a><\/p>\n<p>Andrzej DRAGAN<br \/>\n<a href=\"http:\/\/andrzejdragan.com\/\" target=\"_blank\"><img data-recalc-dims=\"1\" decoding=\"async\" src=\"https:\/\/i0.wp.com\/imageshack.us\/a\/img12\/3981\/draganu.jpg?w=800\" alt=\"\" \/><\/a><br \/>\n<a href=\"http:\/\/andrzejdragan.com\/\" target=\"_blank\">andrzejdragan.com<\/a><\/p>\n<p><strong>BLOG :<\/strong><\/p>\n<p>Empiemcy<br \/>\n<a href=\"http:\/\/empiemcy.com\" target=\"_blank\"><img data-recalc-dims=\"1\" decoding=\"async\" src=\"https:\/\/i0.wp.com\/imageshack.us\/a\/img526\/2696\/empiemcy.jpg?w=800\" alt=\"\" \/><\/a><br \/>\n<a href=\"http:\/\/empiemcy.com\" target=\"_blank\">empiemcy.com<\/a><\/p>\n<p>Cornelia<br \/>\n<a href=\"http:\/\/hollywood-suicide.nn.cx\/\" target=\"_blank\"><img data-recalc-dims=\"1\" decoding=\"async\" src=\"https:\/\/i0.wp.com\/imageshack.us\/a\/img850\/160\/holiwood.jpg?w=800\" alt=\"\" \/><\/a><br \/>\n<a href=\"http:\/\/hollywood-suicide.nn.cx\/\" target=\"_blank\">hollywood-suicide.nn.cx<\/a><\/p>\n<p>Gen<br \/>\n<a href=\"http:\/\/gen-somethingdifferent.blogspot.com\/\" target=\"_blank\"><img decoding=\"async\" src=\" http:\/\/imageshack.us\/a\/img268\/2686\/genzls.jpg\" alt=\"\" \/><\/a><br \/>\n<a href=\"http:\/\/gen-somethingdifferent.blogspot.com\/\" target=\"_blank\">gen-somethingdifferent.blogspot.com<\/a><\/p>\n<p>Silex<br \/>\n<a href=\"http:\/\/scinfolex.wordpress.com\/\" target=\"_blank\"><img data-recalc-dims=\"1\" decoding=\"async\" src=\"https:\/\/i0.wp.com\/imageshack.us\/a\/img703\/2914\/silex.jpg?w=800\" alt=\"\" \/><\/a><br \/>\n<a href=\"http:\/\/scinfolex.wordpress.com\/\" target=\"_blank\">scinfolex.wordpress.com\/<\/a><\/p>\n<p><strong>MES AUTRES SITES :<\/strong><\/p>\n<p>PortFolio Photo<br \/>\n<a href=\"http:\/\/photo.nicolas-constant.com\/\" target=\"_blank\"><img data-recalc-dims=\"1\" decoding=\"async\" src=\"https:\/\/i0.wp.com\/imageshack.us\/a\/img844\/1721\/portfolioe.jpg?w=800\" alt=\"\" \/><\/a><br \/>\n<a href=\"http:\/\/photo.nicolas-constant.com\/\" target=\"_blank\">photo.nicolas-constant.com<\/a><\/p>\n<p>Twitter<br \/>\n<a href=\"http:\/\/twitter.com\/nc_photo\" target=\"_blank\"><img data-recalc-dims=\"1\" decoding=\"async\" src=\"https:\/\/i0.wp.com\/imageshack.us\/a\/img14\/3065\/twitterooc.jpg?w=800\" alt=\"\" \/><\/a><br \/>\n<a href=\"http:\/\/twitter.com\/nc_photo\" target=\"_blank\">@nc_photo<\/a><\/p>\n<p>Google+<br \/>\n<a href=\"https:\/\/plus.google.com\/110592347217854541219\/posts\" target=\"_blank\"><img data-recalc-dims=\"1\" decoding=\"async\" src=\"https:\/\/i0.wp.com\/imageshack.us\/a\/img209\/9181\/googleno.jpg?w=800\" alt=\"\" \/><\/a><br \/>\n<a href=\"https:\/\/plus.google.com\/110592347217854541219\/posts\" target=\"_blank\">+Nicolas CONSTANT<\/a><\/center><\/p>\n","protected":false},"excerpt":{"rendered":"<p>Quelques sites \u00e0 d\u00e9couvrir ou \u00e0 revoir.. PHOTO : AntoineB atfirstsight.aminus3.com Joey Lawrence www.joeyl.com Krizalid www.krizalid.net Benoit Paill\u00e9 flickr.com\/benoitpaille\/ Andrzej DRAGAN andrzejdragan.com BLOG : Empiemcy empiemcy.com Cornelia hollywood-suicide.nn.cx Gen gen-somethingdifferent.blogspot.com Silex scinfolex.wordpress.com\/ MES AUTRES SITES : PortFolio Photo photo.nicolas-constant.com Twitter @nc_photo Google+ +Nicolas CONSTANT<\/p>\n","protected":false},"author":1,"featured_media":0,"parent":0,"menu_order":0,"comment_status":"open","ping_status":"open","template":"","meta":{"footnotes":""},"tags":[],"class_list":["post-109","page","type-page","status-publish","hentry"],"jetpack_sharing_enabled":true,"jetpack_shortlink":"https:\/\/wp.me\/P5vrXn-1L","_links":{"self":[{"href":"https:\/\/blog.nicolas-constant.com\/index.php?rest_route=\/wp\/v2\/pages\/109","targetHints":{"allow":["GET"]}}],"collection":[{"href":"https:\/\/blog.nicolas-constant.com\/index.php?rest_route=\/wp\/v2\/pages"}],"about":[{"href":"https:\/\/blog.nicolas-constant.com\/index.php?rest_route=\/wp\/v2\/types\/page"}],"author":[{"embeddable":true,"href":"https:\/\/blog.nicolas-constant.com\/index.php?rest_route=\/wp\/v2\/users\/1"}],"replies":[{"embeddable":true,"href":"https:\/\/blog.nicolas-constant.com\/index.php?rest_route=%2Fwp%2Fv2%2Fcomments&post=109"}],"version-history":[{"count":45,"href":"https:\/\/blog.nicolas-constant.com\/index.php?rest_route=\/wp\/v2\/pages\/109\/revisions"}],"predecessor-version":[{"id":642,"href":"https:\/\/blog.nicolas-constant.com\/index.php?rest_route=\/wp\/v2\/pages\/109\/revisions\/642"}],"wp:attachment":[{"href":"https:\/\/blog.nicolas-constant.com\/index.php?rest_route=%2Fwp%2Fv2%2Fmedia&parent=109"}],"wp:term":[{"taxonomy":"post_tag","embeddable":true,"href":"https:\/\/blog.nicolas-constant.com\/index.php?rest_route=%2Fwp%2Fv2%2Ftags&post=109"}],"curies":[{"name":"wp","href":"https:\/\/api.w.org\/{rel}","templated":true}]}}